{"id":748,"date":"2015-01-16T12:21:45","date_gmt":"2015-01-16T12:21:45","guid":{"rendered":"http:\/\/steerin.pt\/?page_id=748"},"modified":"2024-02-01T12:24:52","modified_gmt":"2024-02-01T12:24:52","slug":"missao","status":"publish","type":"page","link":"https:\/\/steerin.pt\/pt-pt\/missao\/","title":{"rendered":"Miss\u00e3o"},"content":{"rendered":"<div data-effect=\"fadeInUp\" data-animateonce=\"no\" class=\"ut-one-half  ut-animate-element animated\">\n<p style=\"text-align: center;\">A nossa empresa possui um know-how \u00fanico no mercado portugu\u00eas, sendo uma das empresas com maior e melhor capacidade de desenvolvimento de solu\u00e7\u00f5es que visem o cumprimento das metas estipuladas pelo Pacote da Economia Circular.<\/p>\n<p style=\"text-align: center;\">Somos uma empresa totalmente independente pelo que selecionamos as melhores tecnologias dispon\u00edveis no mercado para cada caso em particular.<\/p>\n<\/div>\n<div data-effect=\"fadeInUp\" data-animateonce=\"no\" class=\"ut-one-half ut-column-last  ut-animate-element animated\">\n<p style=\"text-align: center;\">Sustentada na longa experi\u00eancia e compet\u00eancia da nossa equipa, somos parceiros no desenvolvimento de estrat\u00e9gias e solu\u00e7\u00f5es \u00e0 medida das necessidades de cada cliente, de forma rigorosa e eficiente.<\/p>\n<p style=\"text-align: center;\">Em compromisso com a exig\u00eancias legais de cada Pa\u00eds e condi\u00e7\u00f5es locais, a STEERIN disponibiliza um conjunto de servi\u00e7os &#8220;<em>chave-na-m\u00e3o<\/em>&#8220;, desde a concep\u00e7\u00e3o at\u00e9 \u00e0 fase final de cada projeto.<\/p>\n<\/div><div class=\"clear\"><\/div>\n","protected":false},"excerpt":{"rendered":"A nossa empresa possui um know-how \u00fanico no mercado portugu\u00eas, sendo uma das empresas com maior e melhor capacidade de desenvolvimento de solu\u00e7\u00f5es que visem o cumprimento das metas estipuladas pelo Pacote da Economia Circular. Somos uma empresa totalmente independente pelo que selecionamos as melhores tecnologias dispon\u00edveis no mercado para cada caso em particular. Sustentada [...]","protected":false},"author":3,"featured_media":0,"parent":0,"menu_order":0,"comment_status":"closed","ping_status":"open","template":"","meta":{"footnotes":""},"class_list":["post-748","page","type-page","status-publish","hentry"],"_links":{"self":[{"href":"https:\/\/steerin.pt\/pt-pt\/wp-json\/wp\/v2\/pages\/748","targetHints":{"allow":["GET"]}}],"collection":[{"href":"https:\/\/steerin.pt\/pt-pt\/wp-json\/wp\/v2\/pages"}],"about":[{"href":"https:\/\/steerin.pt\/pt-pt\/wp-json\/wp\/v2\/types\/page"}],"author":[{"embeddable":true,"href":"https:\/\/steerin.pt\/pt-pt\/wp-json\/wp\/v2\/users\/3"}],"replies":[{"embeddable":true,"href":"https:\/\/steerin.pt\/pt-pt\/wp-json\/wp\/v2\/comments?post=748"}],"version-history":[{"count":4,"href":"https:\/\/steerin.pt\/pt-pt\/wp-json\/wp\/v2\/pages\/748\/revisions"}],"predecessor-version":[{"id":1189,"href":"https:\/\/steerin.pt\/pt-pt\/wp-json\/wp\/v2\/pages\/748\/revisions\/1189"}],"wp:attachment":[{"href":"https:\/\/steerin.pt\/pt-pt\/wp-json\/wp\/v2\/media?parent=748"}],"curies":[{"name":"wp","href":"https:\/\/api.w.org\/{rel}","templated":true}]}}