{"id":596,"date":"2015-02-19T12:05:05","date_gmt":"2015-02-19T12:05:05","guid":{"rendered":"http:\/\/steerin.pt\/references-renewable-energies-2\/"},"modified":"2015-11-02T16:50:30","modified_gmt":"2015-11-02T16:50:30","slug":"references-renewable-energies","status":"publish","type":"page","link":"https:\/\/steerin.pt\/pt-pt\/references-renewable-energies\/","title":{"rendered":"Refer\u00eancias &#8211; Energias Renov\u00e1veis"},"content":{"rendered":"<script type=\"text\/javascript\">(function($){$(document).ready(function($){ \"use strict\";var inc = \"0\";function calculate_portfolio_item_width( $container, columns, guttersize, increament){var step = increament ? increament : 0.1,size = ( $container[0].getBoundingClientRect().width- guttersize)\/ columns - ( guttersize * ( columns - 1)\/ columns)- step;if( ( ( size + guttersize)* columns)< $container[0].getBoundingClientRect().width){inc = 0;return size;} else {inc = inc + 0.2;return calculate_portfolio_item_width( $container, columns, guttersize, inc);}}var $win = $(window),$container = $(\"#ut-portfolio-items-829\"),columns = 4,gutter = \"on\",gutterwidth = \"\",guttersize = \"1\",$sortedItems = \"\";function ut_call_isotope( update){if( $(window).width()> 1024){columns = 4;guttersize = \"1\";} if( $(window).width()<= 1024){columns = 3;guttersize = \"1\";} if( $(window).width()<= 767){columns = 1;guttersize = 1.5;} if( $(window).width()<= 400){guttersize = 1;}if( gutter === \"on\"){$container.children().width( calculate_portfolio_item_width( $container, columns, ( 20 * guttersize), false)).addClass(\"show\");gutterwidth = 20 * guttersize;} else {$container.children().width( Math.floor( $container.width()\/ columns)).addClass(\"show\");gutterwidth = 0;}$container.addClass(\"animated\").isotope({itemSelector : \".ut-masonry\",animationEngine : \"best-available\",resizable: false,layoutMode: \"fitRows\",masonry: { columnWidth: Math.floor( $container[0].getBoundingClientRect().width)\/ columns - gutterwidth },itemPositionDataEnabled: true}).isotope(\"layout\");$container.on( \"arrangeComplete\", function(){$win.trigger(\"scroll\");});}$(window).utresize(function(){ut_call_isotope();}); $(window).load(function(){ut_call_isotope();$sortedItems = $container.data(\"isotope\").$filteredAtoms; $(\"#ut-portfolio-menu-829 a\").each(function( index){var searchforclass = $(this).attr(\"data-filter\");if( !$(searchforclass).length){$(this).hide();}});$(\"#ut-portfolio-menu-829 a\").click(function(){var selector = $(this).attr(\"data-filter\");$container.isotope({ filter: selector });if ( !$(this).hasClass(\"selected\")){$(this).parents(\"#ut-portfolio-menu-829\").find(\".selected\").removeClass(\"selected\");$(this).addClass(\"selected\");}return false;});});});}(jQuery));<\/script><style id=\"ut-portfolio-custom-css-829\" type=\"text\/css\" scoped>.ut-portfolio-829 .ut-portfolio-info-c h3, .ut-portfolio-829 .portfolio-title { font-family: ralewayregular, \"Helvetica Neue\", Helvetica, Arial, sans-serif;}\n.ut-portfolio-829 .ut-portfolio-info-c span { font-family: ralewayregular, \"Helvetica Neue\", Helvetica, Arial, sans-serif;}\n.ut-portfolio-829 .ut-portfolio-info-c h3, .ut-portfolio-829 .portfolio-title { color: #ffffff ; }.ut-portfolio-829 .ut-portfolio-info-c, .ut-portfolio-829 .ut-portfolio-info-c span { color: #FFF ; }<\/style><div id=\"ut-loader-829\" class=\"ut-portfolio-detail-loader\"><i class=\"fa fa-refresh fa-spin\"><\/i><\/div><div id=\"ut-portfolio-details-wrap-829\" class=\"ut-portfolio-details-wrap clearfix\"><div id=\"ut-portfolio-details-829\" class=\"inner ut-portfolio-details\"><div class=\"ut-portfolio-details-navigation\"><a class=\"prev-portfolio-details\" data-wrap=\"829\" href=\"#\"><\/a><a class=\"close-portfolio-details\" data-wrap=\"829\" href=\"#\"><\/a><a class=\"next-portfolio-details\" data-wrap=\"829\" href=\"#\"><\/a><\/div><div id=\"ut-portfolio-detail-605\" class=\"animated ut-portfolio-detail clearfix\" data-post=\"605\" data-format=\"\"><div class=\"grid-80 prefix-10 mobile-grid-100 tablet-grid-80 tablet-prefix-10 ut-portfolio-media\"><img class=\"ut-portfolio-image ut-load-me ut-square\" alt=\"Musami\" data-original=\"https:\/\/steerin.pt\/wp-content\/uploads\/2015\/01\/MUSAMI-Geral1.jpg\"><\/div><div class=\"grid-70 prefix-15 mobile-grid-100 tablet-grid-70 tablet-prefix-15 entry-content clearfix\"><\/div><\/div><div id=\"ut-portfolio-detail-760\" class=\"animated ut-portfolio-detail clearfix\" data-post=\"760\" data-format=\"\"><div class=\"grid-80 prefix-10 mobile-grid-100 tablet-grid-80 tablet-prefix-10 ut-portfolio-media\"><img class=\"ut-portfolio-image ut-load-me ut-square\" alt=\"\u00c1guas de Portugal Energias\" data-original=\"https:\/\/steerin.pt\/wp-content\/uploads\/2015\/01\/Fotovoltaico-AdP-Energias-3.jpg\"><\/div><div class=\"grid-70 prefix-15 mobile-grid-100 tablet-grid-70 tablet-prefix-15 entry-content clearfix\"><\/div><\/div><\/div><\/div><div class=\"clear\"><\/div><div id=\"ut-portfolio-wrap\" class=\"ut-portfolio-wrap ut-portfolio-829\" data-textcolor=\"#ffffff\" data-opacity=\"0.8\" data-hovercolor=\"221,153,51\"><a class=\"ut-portfolio-offset-anchor\" style=\"top:-120px;\" id=\"ut-portfolio-items-829-anchor\"><\/a><div id=\"ut-portfolio-items-829\" class=\"ut-portfolio-item-container has-gutter guttersize-1\"><article class=\"biogas-pt-pt-filt waste-to-energy-w-t-e-pt-pt-filt energias-renovaveis-filt waste-management-installations-pt-pt-filt  ut-masonry gutter gutter-1 portfolio-style-one\"><div class=\"ut-portfolio-item ut-hover\"><a class=\"ut-square \" rel=\"bookmark\" title=\"Musami\" href=\"https:\/\/steerin.pt\/pt-pt\/portfolio-item\/musami\/\" target=\"_self\"><figure><img loading=\"lazy\" decoding=\"async\" data-no-retina alt=\"Musami\" width=\"600\" height=\"400\" src=\"https:\/\/steerin.pt\/wp-content\/plugins\/ut-portfolio\/i\/?w=600&amp;h=400\" class=\"portfolio-lazy\"  data-original=\"https:\/\/steerin.pt\/wp-content\/uploads\/2015\/01\/MUSAMI-Geral1-600x400.jpg\" \/><\/figure><div class=\"ut-hover-layer\"><div class=\"ut-portfolio-info\"><div class=\"ut-portfolio-info-c\"><h3 class=\"portfolio-title\">Musami<\/h3><span>Biog\u00e1s, Central de Valoriza\u00e7\u00e3o Energ\u00e9tica, Energias Renov\u00e1veis, Instala\u00e7\u00f5es de Gest\u00e3o de Res\u00edduos<\/span><\/div><\/div><\/div><\/a><\/div><\/article><article class=\"waste-to-energy-w-t-e-pt-pt-filt energias-renovaveis-filt waste-management-installations-pt-pt-filt  ut-masonry gutter gutter-1 portfolio-style-one\"><div class=\"ut-portfolio-item ut-hover\"><a class=\"ut-square \" rel=\"bookmark\" title=\"\u00c1guas de Portugal Energias\" href=\"https:\/\/steerin.pt\/pt-pt\/portfolio-item\/aguas-de-portugal-energias\/\" target=\"_self\"><figure><img loading=\"lazy\" decoding=\"async\" data-no-retina alt=\"\u00c1guas de Portugal Energias\" width=\"600\" height=\"400\" src=\"https:\/\/steerin.pt\/wp-content\/plugins\/ut-portfolio\/i\/?w=600&amp;h=400\" class=\"portfolio-lazy\"  data-original=\"https:\/\/steerin.pt\/wp-content\/uploads\/2015\/01\/Fotovoltaico-AdP-Energias-3-600x400.jpg\" \/><\/figure><div class=\"ut-hover-layer\"><div class=\"ut-portfolio-info\"><div class=\"ut-portfolio-info-c\"><h3 class=\"portfolio-title\">\u00c1guas de Portugal Energias<\/h3><span>Central de Valoriza\u00e7\u00e3o Energ\u00e9tica, Energias Renov\u00e1veis, Instala\u00e7\u00f5es de Gest\u00e3o de Res\u00edduos<\/span><\/div><\/div><\/div><\/a><\/div><\/article><\/div><\/div>\n<p style=\"text-align: center;\"><a title=\"\" target=\"_self\" class=\"ut-btn  grey medium round\" href=\"\/pt-pt\/references\/\">Mais refer\u00eancias&#8230;<\/a>\n","protected":false},"excerpt":{"rendered":"A \u00c1guas de Portugal Energias, \u00e9 uma sub-holding do Grupo \u00c1guas de Portugal - um dos maiores grupos de neg\u00f3cios no setor do ambiente em Portugal, e o maior acionista de diversas empresas subsidi\u00e1rias nos dom\u00ednios do abastecimento de \u00e1gua, do saneamento de \u00e1guas residuais e do tratamento e valoriza\u00e7\u00e3o de res\u00edduos. Site Institucional Estudo [...]","protected":false},"author":1,"featured_media":0,"parent":0,"menu_order":0,"comment_status":"closed","ping_status":"open","template":"","meta":{"footnotes":""},"class_list":["post-596","page","type-page","status-publish","hentry"],"_links":{"self":[{"href":"https:\/\/steerin.pt\/pt-pt\/wp-json\/wp\/v2\/pages\/596","targetHints":{"allow":["GET"]}}],"collection":[{"href":"https:\/\/steerin.pt\/pt-pt\/wp-json\/wp\/v2\/pages"}],"about":[{"href":"https:\/\/steerin.pt\/pt-pt\/wp-json\/wp\/v2\/types\/page"}],"author":[{"embeddable":true,"href":"https:\/\/steerin.pt\/pt-pt\/wp-json\/wp\/v2\/users\/1"}],"replies":[{"embeddable":true,"href":"https:\/\/steerin.pt\/pt-pt\/wp-json\/wp\/v2\/comments?post=596"}],"version-history":[{"count":12,"href":"https:\/\/steerin.pt\/pt-pt\/wp-json\/wp\/v2\/pages\/596\/revisions"}],"predecessor-version":[{"id":835,"href":"https:\/\/steerin.pt\/pt-pt\/wp-json\/wp\/v2\/pages\/596\/revisions\/835"}],"wp:attachment":[{"href":"https:\/\/steerin.pt\/pt-pt\/wp-json\/wp\/v2\/media?parent=596"}],"curies":[{"name":"wp","href":"https:\/\/api.w.org\/{rel}","templated":true}]}}