{"id":354,"date":"2015-01-16T12:24:59","date_gmt":"2015-01-16T12:24:59","guid":{"rendered":"http:\/\/steerin.pt\/services-2\/"},"modified":"2015-08-19T14:13:22","modified_gmt":"2015-08-19T14:13:22","slug":"services","status":"publish","type":"page","link":"https:\/\/steerin.pt\/pt-pt\/services\/","title":{"rendered":"Servi\u00e7os"},"content":{"rendered":"<p style=\"text-align: center;\"><h6 class=\"ut-title-divider \" ><span> Os servi\u00e7os especializados da STEERIN focam-se na entrega de solu\u00e7\u00f5es \u00e0 medida. Desenvolvemos solu\u00e7\u00f5es nas seguintes \u00e1reas: <\/span><\/h6><\/p>\n<div data-effect=\"flash\" data-animateonce=\"no\" class=\"ut-one-half  ut-animate-element animated\">\n<div class=\"wpb_content_element \"><style type=\"text\/css\" scoped>#ut_scv_69d4d6fe26741 .ut-service-icon .fa.fa-stack-1x { color: #ffffff; }#ut_scv_69d4d6fe26741 .ut-service-icon .fa.fa-stack-2x { color: #f1c40f; }<\/style><div id=\"ut_scv_69d4d6fe26741\" class=\" clearfix  ut-vertical-style\" style=\"margin-bottom:20px\"><figure data-effect=\"bounce\" data-animateonce=\"no\" data-delay=\"200\" class=\"ut-service-icon fa-stack fa-lg ut-animate-element animated ut-no-animation-tablet ut-no-animation-mobile\" style=\"line-height:60px;\"><i class=\"fa fa-circle fa-stack-2x\"><\/i><i class=\"fa fa-stack-1x fa-pagelines\"><\/i><\/figure><div class=\"ut-service-column ut-vertical\"><h3>Gest\u00e3o Integrada de Res\u00edduos<\/h3><p>\n<p>Remedia\u00e7\u00e3o de Aterros<br \/>\nDigest\u00e3o Anaer\u00f3bia<br \/>\nTratamento Mec\u00e2nico e Biol\u00f3gico<br \/>\nInstala\u00e7\u00f5es de Recupera\u00e7\u00e3o de Materiais<br \/>\nValoriza\u00e7\u00e3o Energ\u00e9tica de Res\u00edduos<br \/>\nCompostagem<br \/>\n<\/p><\/div><\/div><\/div>\n<div class=\"wpb_content_element \"><style type=\"text\/css\" scoped>#ut_scv_69d4d6fe267b1 .ut-service-icon .fa.fa-stack-1x { color: #ffffff; }#ut_scv_69d4d6fe267b1 .ut-service-icon .fa.fa-stack-2x { color: #f1c40f; }<\/style><div id=\"ut_scv_69d4d6fe267b1\" class=\"ut-column-last clearfix  ut-vertical-style\" ><figure data-effect=\"bounce\" data-animateonce=\"no\" data-delay=\"200\" class=\"ut-service-icon fa-stack fa-lg ut-animate-element animated ut-no-animation-tablet ut-no-animation-mobile\" style=\"line-height:60px;\"><i class=\"fa fa-circle fa-stack-2x\"><\/i><i class=\"fa fa-stack-1x fa-retweet\"><\/i><\/figure><div class=\"ut-service-column ut-vertical\"><h3>Energias Renov\u00e1veis<\/h3><p>\n<p>Energia Fotovoltaica<br \/>\nEnergia de Biog\u00e1s de Aterro<br \/>\nMini-H\u00eddricas<br \/>\nCiclo Org\u00e2nico de Rankine<br \/>\n<\/p><\/div><\/div><\/div>\n<\/div>\n<div  class=\"ut-one-half ut-column-last  \">\n<div id=\"ut-accordion-parent-1\" class=\"ut-accordion\"><div class=\"ut-accordion-group\"><div class=\"ut-accordion-heading \"><a data-parent=\"#ut-accordion-parent-1\" class=\"accordion-toggle collapsed \" data-toggle=\"collapse\" data-target=\"#accordion0\">Estudos de Viabilidade<\/a><\/div><div id=\"accordion0\" class=\"ut-accordion-body collapse\"><div class=\"ut-accordion-inner entry-content clearfix\"> Desenvolvimento de estudos t\u00e9cnicos e econ\u00f3micos de acordo com os objetivos de cada projeto\u00a0<\/div><\/div><div class=\"ut-accordion-heading \"><a data-parent=\"#ut-accordion-parent-1\" class=\"accordion-toggle collapsed \" data-toggle=\"collapse\" data-target=\"#accordion1\">Regula\u00e7\u00e3o Ambiental<\/a><\/div><div id=\"accordion1\" class=\"ut-accordion-body collapse\"><div class=\"ut-accordion-inner entry-content clearfix\"> Desenvolvimento de solu\u00e7\u00f5es tendo como base o quadro legal e\/ou condi\u00e7\u00f5es contratuais em cumprimento das melhores pr\u00e1ticas\u00a0<\/div><\/div><div class=\"ut-accordion-heading \"><a data-parent=\"#ut-accordion-parent-1\" class=\"accordion-toggle collapsed \" data-toggle=\"collapse\" data-target=\"#accordion2\">Assessoria ao Estudo de Impacte Ambiental<\/a><\/div><div id=\"accordion2\" class=\"ut-accordion-body collapse\"><div class=\"ut-accordion-inner entry-content clearfix\"> Conceito de solu\u00e7\u00f5es e princ\u00edpios t\u00e9cnicos para cumprimento das exig\u00eancias legais do EIA\u00a0<\/div><\/div><div class=\"ut-accordion-heading \"><a data-parent=\"#ut-accordion-parent-1\" class=\"accordion-toggle collapsed \" data-toggle=\"collapse\" data-target=\"#accordion3\">Conce\u00e7\u00e3o \/ Engenharia de Base<\/a><\/div><div id=\"accordion3\" class=\"ut-accordion-body collapse\"><div class=\"ut-accordion-inner entry-content clearfix\"> Conce\u00e7\u00e3o t\u00e9cnica e de engenharia \u00e0 medida dos requisitos exigidos em cada projeto\u00a0<\/div><\/div><div class=\"ut-accordion-heading \"><a data-parent=\"#ut-accordion-parent-1\" class=\"accordion-toggle collapsed \" data-toggle=\"collapse\" data-target=\"#accordion4\">Caderno de Encargos<\/a><\/div><div id=\"accordion4\" class=\"ut-accordion-body collapse\"><div class=\"ut-accordion-inner entry-content clearfix\"> Desenvolvimento dos termos t\u00e9cnicos e comerciais de refer\u00eancia para concursos p\u00fablicos internacionais\u00a0<\/div><\/div><div class=\"ut-accordion-heading \"><a data-parent=\"#ut-accordion-parent-1\" class=\"accordion-toggle collapsed \" data-toggle=\"collapse\" data-target=\"#accordion5\">Avalia\u00e7\u00e3o de Propostas<\/a><\/div><div id=\"accordion5\" class=\"ut-accordion-body collapse\"><div class=\"ut-accordion-inner entry-content clearfix\"> Avalia\u00e7\u00e3o de propostas de gest\u00e3o de res\u00edduos e energias renov\u00e1veis em todos os requisitos exigidos para avalia\u00e7\u00e3o\u00a0<\/div><\/div><div class=\"ut-accordion-heading \"><a data-parent=\"#ut-accordion-parent-1\" class=\"accordion-toggle collapsed \" data-toggle=\"collapse\" data-target=\"#accordion6\">Supervis\u00e3o de Empreitadas<\/a><\/div><div id=\"accordion6\" class=\"ut-accordion-body collapse\"><div class=\"ut-accordion-inner entry-content clearfix\"> Aconselhamento t\u00e9cnico e estrat\u00e9gico da empreitada por parte da nossa equipa de especialistas em coopera\u00e7\u00e3o com colaboradores locais <\/div><\/div><div class=\"ut-accordion-heading \"><a data-parent=\"#ut-accordion-parent-1\" class=\"accordion-toggle collapsed \" data-toggle=\"collapse\" data-target=\"#accordion7\">Comissionamento<\/a><\/div><div id=\"accordion7\" class=\"ut-accordion-body collapse\"><div class=\"ut-accordion-inner entry-content clearfix\"> Apoio ao comissionamento e per\u00edodo experimental\u00a0<\/div><\/div><div class=\"ut-accordion-heading \"><a data-parent=\"#ut-accordion-parent-1\" class=\"accordion-toggle collapsed \" data-toggle=\"collapse\" data-target=\"#accordion8\">Requalifica\u00e7\u00e3o<\/a><\/div><div id=\"accordion8\" class=\"ut-accordion-body collapse\"><div class=\"ut-accordion-inner entry-content clearfix\"> Conce\u00e7\u00e3o e desenvolvimento de projetos para requalifica\u00e7\u00e3o de infraestruturas de gest\u00e3o de res\u00edduos ou energias renov\u00e1veis, com base nas condi\u00e7\u00f5es reais de opera\u00e7\u00e3o <\/div><\/div><div class=\"ut-accordion-heading \"><a data-parent=\"#ut-accordion-parent-1\" class=\"accordion-toggle collapsed \" data-toggle=\"collapse\" data-target=\"#accordion9\">Arbitragem<\/a><\/div><div id=\"accordion9\" class=\"ut-accordion-body collapse\"><div class=\"ut-accordion-inner entry-content clearfix\"> Conhecimentos t\u00e9cnicos para apoio em processos de lit\u00edgio em infraestruturas de energia\/ambientais <\/div><\/div><\/div><\/div>\n<\/div><div class=\"clear\"><\/div>\n","protected":false},"excerpt":{"rendered":"Os servi\u00e7os especializados da STEERIN focam-se na entrega de solu\u00e7\u00f5es \u00e0 medida. Desenvolvemos solu\u00e7\u00f5es nas seguintes \u00e1reas: #ut_scv_69d4d6fe26ff8 .ut-service-icon .fa.fa-stack-1x { color: #ffffff; }#ut_scv_69d4d6fe26ff8 .ut-service-icon .fa.fa-stack-2x { color: #f1c40f; }Gest\u00e3o Integrada de Res\u00edduos Remedia\u00e7\u00e3o de Aterros Digest\u00e3o Anaer\u00f3bia Tratamento Mec\u00e2nico e Biol\u00f3gico Instala\u00e7\u00f5es de Recupera\u00e7\u00e3o de Materiais Valoriza\u00e7\u00e3o Energ\u00e9tica de Res\u00edduos Compostagem #ut_scv_69d4d6fe2702d .ut-service-icon .fa.fa-stack-1x [...]","protected":false},"author":1,"featured_media":0,"parent":0,"menu_order":0,"comment_status":"closed","ping_status":"open","template":"","meta":{"footnotes":""},"class_list":["post-354","page","type-page","status-publish","hentry"],"_links":{"self":[{"href":"https:\/\/steerin.pt\/pt-pt\/wp-json\/wp\/v2\/pages\/354","targetHints":{"allow":["GET"]}}],"collection":[{"href":"https:\/\/steerin.pt\/pt-pt\/wp-json\/wp\/v2\/pages"}],"about":[{"href":"https:\/\/steerin.pt\/pt-pt\/wp-json\/wp\/v2\/types\/page"}],"author":[{"embeddable":true,"href":"https:\/\/steerin.pt\/pt-pt\/wp-json\/wp\/v2\/users\/1"}],"replies":[{"embeddable":true,"href":"https:\/\/steerin.pt\/pt-pt\/wp-json\/wp\/v2\/comments?post=354"}],"version-history":[{"count":10,"href":"https:\/\/steerin.pt\/pt-pt\/wp-json\/wp\/v2\/pages\/354\/revisions"}],"predecessor-version":[{"id":776,"href":"https:\/\/steerin.pt\/pt-pt\/wp-json\/wp\/v2\/pages\/354\/revisions\/776"}],"wp:attachment":[{"href":"https:\/\/steerin.pt\/pt-pt\/wp-json\/wp\/v2\/media?parent=354"}],"curies":[{"name":"wp","href":"https:\/\/api.w.org\/{rel}","templated":true}]}}