{"id":353,"date":"2015-01-26T11:06:25","date_gmt":"2015-01-26T11:06:25","guid":{"rendered":"http:\/\/steerin.pt\/references-2-2\/"},"modified":"2015-11-02T16:56:58","modified_gmt":"2015-11-02T16:56:58","slug":"references-2","status":"publish","type":"page","link":"https:\/\/steerin.pt\/pt-pt\/references-2\/","title":{"rendered":"Gest\u00e3o de Res\u00edduos"},"content":{"rendered":"<script type=\"text\/javascript\">(function($){$(document).ready(function($){ \"use strict\";var inc = \"0\";function calculate_portfolio_item_width( $container, columns, guttersize, increament){var step = increament ? increament : 0.1,size = ( $container[0].getBoundingClientRect().width- guttersize)\/ columns - ( guttersize * ( columns - 1)\/ columns)- step;if( ( ( size + guttersize)* columns)< $container[0].getBoundingClientRect().width){inc = 0;return size;} else {inc = inc + 0.2;return calculate_portfolio_item_width( $container, columns, guttersize, inc);}}var $win = $(window),$container = $(\"#ut-portfolio-items-190\"),columns = 4,gutter = \"on\",gutterwidth = \"\",guttersize = \"1\",$sortedItems = \"\";function ut_call_isotope( update){if( $(window).width()> 1024){columns = 4;guttersize = \"1\";} if( $(window).width()<= 1024){columns = 3;guttersize = \"1\";} if( $(window).width()<= 767){columns = 1;guttersize = 1.5;} if( $(window).width()<= 400){guttersize = 1;}if( gutter === \"on\"){$container.children().width( calculate_portfolio_item_width( $container, columns, ( 20 * guttersize), false)).addClass(\"show\");gutterwidth = 20 * guttersize;} else {$container.children().width( Math.floor( $container.width()\/ columns)).addClass(\"show\");gutterwidth = 0;}$container.addClass(\"animated\").isotope({itemSelector : \".ut-masonry\",animationEngine : \"best-available\",resizable: false,layoutMode: \"fitRows\",masonry: { columnWidth: Math.floor( $container[0].getBoundingClientRect().width)\/ columns - gutterwidth },itemPositionDataEnabled: true}).isotope(\"layout\");$container.on( \"arrangeComplete\", function(){$win.trigger(\"scroll\");});}$(window).utresize(function(){ut_call_isotope();}); $(window).load(function(){ut_call_isotope();$sortedItems = $container.data(\"isotope\").$filteredAtoms; $(\"#ut-portfolio-menu-190 a\").each(function( index){var searchforclass = $(this).attr(\"data-filter\");if( !$(searchforclass).length){$(this).hide();}});$(\"#ut-portfolio-menu-190 a\").click(function(){var selector = $(this).attr(\"data-filter\");$container.isotope({ filter: selector });if ( !$(this).hasClass(\"selected\")){$(this).parents(\"#ut-portfolio-menu-190\").find(\".selected\").removeClass(\"selected\");$(this).addClass(\"selected\");}return false;});});});}(jQuery));<\/script><style id=\"ut-portfolio-custom-css-190\" type=\"text\/css\" scoped>.ut-portfolio-190 .ut-portfolio-info-c h3, .ut-portfolio-190 .portfolio-title { font-family: ralewayregular, \"Helvetica Neue\", Helvetica, Arial, sans-serif;}\n.ut-portfolio-190 .ut-portfolio-info-c span { font-family: ralewayregular, \"Helvetica Neue\", Helvetica, Arial, sans-serif;}\n.ut-portfolio-190 .ut-portfolio-info-c h3, .ut-portfolio-190 .portfolio-title { color: #ffffff ; }.ut-portfolio-190 .ut-portfolio-title-wrap, .ut-portfolio-190 .portfolio-title { background: #FFF ; }.ut-portfolio-190 .ut-portfolio-info-c, .ut-portfolio-190 .ut-portfolio-info-c span { color: #FFF ; }<\/style><div id=\"ut-loader-190\" class=\"ut-portfolio-detail-loader\"><i class=\"fa fa-refresh fa-spin\"><\/i><\/div><div id=\"ut-portfolio-details-wrap-190\" class=\"ut-portfolio-details-wrap clearfix\"><div id=\"ut-portfolio-details-190\" class=\"inner ut-portfolio-details\"><div class=\"ut-portfolio-details-navigation\"><a class=\"prev-portfolio-details\" data-wrap=\"190\" href=\"#\"><\/a><a class=\"close-portfolio-details\" data-wrap=\"190\" href=\"#\"><\/a><a class=\"next-portfolio-details\" data-wrap=\"190\" href=\"#\"><\/a><\/div><div id=\"ut-portfolio-detail-605\" class=\"animated ut-portfolio-detail clearfix\" data-post=\"605\" data-format=\"\"><div class=\"grid-80 prefix-10 mobile-grid-100 tablet-grid-80 tablet-prefix-10 ut-portfolio-media\"><img class=\"ut-portfolio-image ut-load-me ut-square\" alt=\"Musami\" data-original=\"https:\/\/steerin.pt\/wp-content\/uploads\/2015\/01\/MUSAMI-Geral1.jpg\"><\/div><div class=\"grid-70 prefix-15 mobile-grid-100 tablet-grid-70 tablet-prefix-15 entry-content clearfix\"><\/div><\/div><div id=\"ut-portfolio-detail-758\" class=\"animated ut-portfolio-detail clearfix\" data-post=\"758\" data-format=\"\"><div class=\"grid-80 prefix-10 mobile-grid-100 tablet-grid-80 tablet-prefix-10 ut-portfolio-media\"><img class=\"ut-portfolio-image ut-load-me ut-square\" alt=\"Soares da Costa\" data-original=\"https:\/\/steerin.pt\/wp-content\/uploads\/2015\/01\/Soares-da-Costa-TMB.jpg\"><\/div><div class=\"grid-70 prefix-15 mobile-grid-100 tablet-grid-70 tablet-prefix-15 entry-content clearfix\"><\/div><\/div><div id=\"ut-portfolio-detail-760\" class=\"animated ut-portfolio-detail clearfix\" data-post=\"760\" data-format=\"\"><div class=\"grid-80 prefix-10 mobile-grid-100 tablet-grid-80 tablet-prefix-10 ut-portfolio-media\"><img class=\"ut-portfolio-image ut-load-me ut-square\" alt=\"\u00c1guas de Portugal Energias\" data-original=\"https:\/\/steerin.pt\/wp-content\/uploads\/2015\/01\/Fotovoltaico-AdP-Energias-3.jpg\"><\/div><div class=\"grid-70 prefix-15 mobile-grid-100 tablet-grid-70 tablet-prefix-15 entry-content clearfix\"><\/div><\/div><div id=\"ut-portfolio-detail-762\" class=\"animated ut-portfolio-detail clearfix\" data-post=\"762\" data-format=\"\"><div class=\"grid-80 prefix-10 mobile-grid-100 tablet-grid-80 tablet-prefix-10 ut-portfolio-media\"><img class=\"ut-portfolio-image ut-load-me ut-square\" alt=\"Valorsul\" data-original=\"https:\/\/steerin.pt\/wp-content\/uploads\/2015\/01\/Etvo.jpg\"><\/div><div class=\"grid-70 prefix-15 mobile-grid-100 tablet-grid-70 tablet-prefix-15 entry-content clearfix\"><\/div><\/div><div id=\"ut-portfolio-detail-768\" class=\"animated ut-portfolio-detail clearfix\" data-post=\"768\" data-format=\"\"><div class=\"grid-80 prefix-10 mobile-grid-100 tablet-grid-80 tablet-prefix-10 ut-portfolio-media\"><img class=\"ut-portfolio-image ut-load-me ut-square\" alt=\"AMAL\" data-original=\"https:\/\/steerin.pt\/wp-content\/uploads\/2015\/01\/AMAL-Waste-to-Energy-e1421929841586.jpg\"><\/div><div class=\"grid-70 prefix-15 mobile-grid-100 tablet-grid-70 tablet-prefix-15 entry-content clearfix\"><\/div><\/div><div id=\"ut-portfolio-detail-770\" class=\"animated ut-portfolio-detail clearfix\" data-post=\"770\" data-format=\"\"><div class=\"grid-80 prefix-10 mobile-grid-100 tablet-grid-80 tablet-prefix-10 ut-portfolio-media\"><img class=\"ut-portfolio-image ut-load-me ut-square\" alt=\"Jacobsen Elektro\" data-original=\"https:\/\/steerin.pt\/wp-content\/uploads\/2015\/01\/placeholder_2.jpg\"><\/div><div class=\"grid-70 prefix-15 mobile-grid-100 tablet-grid-70 tablet-prefix-15 entry-content clearfix\"><\/div><\/div><\/div><\/div><div class=\"clear\"><\/div><div id=\"ut-portfolio-wrap\" class=\"ut-portfolio-wrap ut-portfolio-190\" data-textcolor=\"#ffffff\" data-opacity=\"0.8\" data-hovercolor=\"221,153,51\"><a class=\"ut-portfolio-offset-anchor\" style=\"top:-120px;\" id=\"ut-portfolio-items-190-anchor\"><\/a><div id=\"ut-portfolio-items-190\" class=\"ut-portfolio-item-container has-gutter guttersize-1\"><article class=\"biogas-pt-pt-filt waste-to-energy-w-t-e-pt-pt-filt energias-renovaveis-filt waste-management-installations-pt-pt-filt  ut-masonry gutter gutter-1  portfolio-style-two\"><div class=\"ut-portfolio-item ut-hover\"><a class=\"ut-square \" rel=\"bookmark\" title=\"Musami\" href=\"https:\/\/steerin.pt\/pt-pt\/portfolio-item\/musami\/\" target=\"_self\"><figure><img loading=\"lazy\" decoding=\"async\" data-no-retina alt=\"Musami\" width=\"600\" height=\"400\" src=\"https:\/\/steerin.pt\/wp-content\/plugins\/ut-portfolio\/i\/?w=600&amp;h=400\" class=\"portfolio-lazy\"  data-original=\"https:\/\/steerin.pt\/wp-content\/uploads\/2015\/01\/MUSAMI-Geral1-600x400.jpg\" \/><\/figure><div class=\"ut-hover-layer\"><div class=\"ut-portfolio-info\"><div class=\"ut-portfolio-info-c\"><i class=\"fa fa-picture-o fa-lg\"><\/i><span>Biog\u00e1s, Central de Valoriza\u00e7\u00e3o Energ\u00e9tica, Energias Renov\u00e1veis, Instala\u00e7\u00f5es de Gest\u00e3o de Res\u00edduos<\/span><\/div><\/div><\/div><\/a><div><a class=\"ut-square \" rel=\"bookmark\" title=\"Musami\" href=\"https:\/\/steerin.pt\/pt-pt\/portfolio-item\/musami\/\" target=\"_self\"><h3 class=\"portfolio-title\">Musami<\/h3><\/a><\/div><\/div><\/article><article class=\"waste-management-installations-pt-pt-filt mechanical-and-biological-treatment-mbt-pt-pt-filt  ut-masonry gutter gutter-1  portfolio-style-two\"><div class=\"ut-portfolio-item ut-hover\"><a class=\"ut-square \" rel=\"bookmark\" title=\"Soares da Costa\" href=\"https:\/\/steerin.pt\/pt-pt\/portfolio-item\/soares-da-costa\/\" target=\"_self\"><figure><img loading=\"lazy\" decoding=\"async\" data-no-retina alt=\"Soares da Costa\" width=\"600\" height=\"400\" src=\"https:\/\/steerin.pt\/wp-content\/plugins\/ut-portfolio\/i\/?w=600&amp;h=400\" class=\"portfolio-lazy\"  data-original=\"https:\/\/steerin.pt\/wp-content\/uploads\/2015\/01\/Soares-da-Costa-TMB-600x400.jpg\" \/><\/figure><div class=\"ut-hover-layer\"><div class=\"ut-portfolio-info\"><div class=\"ut-portfolio-info-c\"><i class=\"fa fa-picture-o fa-lg\"><\/i><span>Instala\u00e7\u00f5es de Gest\u00e3o de Res\u00edduos, Tratamento mec\u00e2nico e biol\u00f3gico (TMB)<\/span><\/div><\/div><\/div><\/a><div><a class=\"ut-square \" rel=\"bookmark\" title=\"Soares da Costa\" href=\"https:\/\/steerin.pt\/pt-pt\/portfolio-item\/soares-da-costa\/\" target=\"_self\"><h3 class=\"portfolio-title\">Soares da Costa<\/h3><\/a><\/div><\/div><\/article><article class=\"waste-to-energy-w-t-e-pt-pt-filt energias-renovaveis-filt waste-management-installations-pt-pt-filt  ut-masonry gutter gutter-1  portfolio-style-two\"><div class=\"ut-portfolio-item ut-hover\"><a class=\"ut-square \" rel=\"bookmark\" title=\"\u00c1guas de Portugal Energias\" href=\"https:\/\/steerin.pt\/pt-pt\/portfolio-item\/aguas-de-portugal-energias\/\" target=\"_self\"><figure><img loading=\"lazy\" decoding=\"async\" data-no-retina alt=\"\u00c1guas de Portugal Energias\" width=\"600\" height=\"400\" src=\"https:\/\/steerin.pt\/wp-content\/plugins\/ut-portfolio\/i\/?w=600&amp;h=400\" class=\"portfolio-lazy\"  data-original=\"https:\/\/steerin.pt\/wp-content\/uploads\/2015\/01\/Fotovoltaico-AdP-Energias-3-600x400.jpg\" \/><\/figure><div class=\"ut-hover-layer\"><div class=\"ut-portfolio-info\"><div class=\"ut-portfolio-info-c\"><i class=\"fa fa-picture-o fa-lg\"><\/i><span>Central de Valoriza\u00e7\u00e3o Energ\u00e9tica, Energias Renov\u00e1veis, Instala\u00e7\u00f5es de Gest\u00e3o de Res\u00edduos<\/span><\/div><\/div><\/div><\/a><div><a class=\"ut-square \" rel=\"bookmark\" title=\"\u00c1guas de Portugal Energias\" href=\"https:\/\/steerin.pt\/pt-pt\/portfolio-item\/aguas-de-portugal-energias\/\" target=\"_self\"><h3 class=\"portfolio-title\">\u00c1guas de Portugal Energias<\/h3><\/a><\/div><\/div><\/article><article class=\"anaerobic-digestion-ad-pt-pt-filt waste-management-installations-pt-pt-filt  ut-masonry gutter gutter-1  portfolio-style-two\"><div class=\"ut-portfolio-item ut-hover\"><a class=\"ut-square \" rel=\"bookmark\" title=\"Valorsul\" href=\"https:\/\/steerin.pt\/pt-pt\/portfolio-item\/valorsul\/\" target=\"_self\"><figure><img loading=\"lazy\" decoding=\"async\" data-no-retina alt=\"Valorsul\" width=\"600\" height=\"400\" src=\"https:\/\/steerin.pt\/wp-content\/plugins\/ut-portfolio\/i\/?w=600&amp;h=400\" class=\"portfolio-lazy\"  data-original=\"https:\/\/steerin.pt\/wp-content\/uploads\/2015\/01\/ETVO-600x400.jpg\" \/><\/figure><div class=\"ut-hover-layer\"><div class=\"ut-portfolio-info\"><div class=\"ut-portfolio-info-c\"><i class=\"fa fa-picture-o fa-lg\"><\/i><span>Digest\u00e3o Anaer\u00f3bia, Instala\u00e7\u00f5es de Gest\u00e3o de Res\u00edduos<\/span><\/div><\/div><\/div><\/a><div><a class=\"ut-square \" rel=\"bookmark\" title=\"Valorsul\" href=\"https:\/\/steerin.pt\/pt-pt\/portfolio-item\/valorsul\/\" target=\"_self\"><h3 class=\"portfolio-title\">Valorsul<\/h3><\/a><\/div><\/div><\/article><article class=\"waste-to-energy-w-t-e-pt-pt-filt waste-management-installations-pt-pt-filt  ut-masonry gutter gutter-1  portfolio-style-two\"><div class=\"ut-portfolio-item ut-hover\"><a class=\"ut-square \" rel=\"bookmark\" title=\"AMAL\" href=\"https:\/\/steerin.pt\/pt-pt\/portfolio-item\/amal\/\" target=\"_self\"><figure><img loading=\"lazy\" decoding=\"async\" data-no-retina alt=\"AMAL\" width=\"600\" height=\"400\" src=\"https:\/\/steerin.pt\/wp-content\/plugins\/ut-portfolio\/i\/?w=600&amp;h=400\" class=\"portfolio-lazy\"  data-original=\"https:\/\/steerin.pt\/wp-content\/uploads\/2015\/01\/AMAL-Waste-to-Energy-2-e1421929870153-600x400.jpg\" \/><\/figure><div class=\"ut-hover-layer\"><div class=\"ut-portfolio-info\"><div class=\"ut-portfolio-info-c\"><i class=\"fa fa-picture-o fa-lg\"><\/i><span>Central de Valoriza\u00e7\u00e3o Energ\u00e9tica, Instala\u00e7\u00f5es de Gest\u00e3o de Res\u00edduos<\/span><\/div><\/div><\/div><\/a><div><a class=\"ut-square \" rel=\"bookmark\" title=\"AMAL\" href=\"https:\/\/steerin.pt\/pt-pt\/portfolio-item\/amal\/\" target=\"_self\"><h3 class=\"portfolio-title\">AMAL<\/h3><\/a><\/div><\/div><\/article><article class=\"waste-to-energy-w-t-e-pt-pt-filt waste-management-installations-pt-pt-filt  ut-masonry gutter gutter-1  portfolio-style-two\"><div class=\"ut-portfolio-item ut-hover\"><a class=\"ut-square \" rel=\"bookmark\" title=\"Jacobsen Elektro\" href=\"https:\/\/steerin.pt\/pt-pt\/portfolio-item\/jacobsen-elektro\/\" target=\"_self\"><figure><img loading=\"lazy\" decoding=\"async\" data-no-retina alt=\"Jacobsen Elektro\" width=\"600\" height=\"400\" src=\"https:\/\/steerin.pt\/wp-content\/plugins\/ut-portfolio\/i\/?w=600&amp;h=400\" class=\"portfolio-lazy\"  data-original=\"https:\/\/steerin.pt\/wp-content\/uploads\/2015\/01\/placeholder_2-600x400.jpg\" \/><\/figure><div class=\"ut-hover-layer\"><div class=\"ut-portfolio-info\"><div class=\"ut-portfolio-info-c\"><i class=\"fa fa-picture-o fa-lg\"><\/i><span>Central de Valoriza\u00e7\u00e3o Energ\u00e9tica, Instala\u00e7\u00f5es de Gest\u00e3o de Res\u00edduos<\/span><\/div><\/div><\/div><\/a><div><a class=\"ut-square \" rel=\"bookmark\" title=\"Jacobsen Elektro\" href=\"https:\/\/steerin.pt\/pt-pt\/portfolio-item\/jacobsen-elektro\/\" target=\"_self\"><h3 class=\"portfolio-title\">Jacobsen Elektro<\/h3><\/a><\/div><\/div><\/article><\/div><\/div>\n<p style=\"text-align: center;\"><a title=\"\" target=\"_self\" class=\"ut-btn  grey medium round\" href=\"\/pt-pt\/references\/\">Mais refer\u00eancias&#8230;<\/a>\n","protected":false},"excerpt":{"rendered":"A Jacobsen Elektro \u00e9 uma das mais antigas empresas de eletrot\u00e9cnica da Noruega. A JEL tem uma vasta experi\u00eancia e sucesso na entrega de instala\u00e7\u00f5es \"chave na m\u00e3o\" de esta\u00e7\u00f5es de energia, redes de transmiss\u00e3o e subesta\u00e7\u00f5es de distribui\u00e7\u00e3o, bem como servi\u00e7os de consultoria. Site institucional Projetos Central de Valoriza\u00e7\u00e3o Energ\u00e9tica na Tail\u00e2ndia A empresa [...]","protected":false},"author":1,"featured_media":0,"parent":0,"menu_order":0,"comment_status":"closed","ping_status":"open","template":"","meta":{"footnotes":""},"class_list":["post-353","page","type-page","status-publish","hentry"],"_links":{"self":[{"href":"https:\/\/steerin.pt\/pt-pt\/wp-json\/wp\/v2\/pages\/353","targetHints":{"allow":["GET"]}}],"collection":[{"href":"https:\/\/steerin.pt\/pt-pt\/wp-json\/wp\/v2\/pages"}],"about":[{"href":"https:\/\/steerin.pt\/pt-pt\/wp-json\/wp\/v2\/types\/page"}],"author":[{"embeddable":true,"href":"https:\/\/steerin.pt\/pt-pt\/wp-json\/wp\/v2\/users\/1"}],"replies":[{"embeddable":true,"href":"https:\/\/steerin.pt\/pt-pt\/wp-json\/wp\/v2\/comments?post=353"}],"version-history":[{"count":10,"href":"https:\/\/steerin.pt\/pt-pt\/wp-json\/wp\/v2\/pages\/353\/revisions"}],"predecessor-version":[{"id":853,"href":"https:\/\/steerin.pt\/pt-pt\/wp-json\/wp\/v2\/pages\/353\/revisions\/853"}],"wp:attachment":[{"href":"https:\/\/steerin.pt\/pt-pt\/wp-json\/wp\/v2\/media?parent=353"}],"curies":[{"name":"wp","href":"https:\/\/api.w.org\/{rel}","templated":true}]}}