{"id":351,"date":"2015-01-22T17:55:37","date_gmt":"2015-01-22T17:55:37","guid":{"rendered":"http:\/\/steerin.pt\/our-team\/network-experts\/"},"modified":"2018-07-04T10:55:15","modified_gmt":"2018-07-04T10:55:15","slug":"parceiros-externos","status":"publish","type":"page","link":"https:\/\/steerin.pt\/pt-pt\/our-team\/parceiros-externos\/","title":{"rendered":"Parceiros Externos"},"content":{"rendered":"<p style=\"text-align: center;\"><h6 class=\"ut-title-divider \" ><span> Temos uma extensa rede de especialistas externos e multidisciplinares, adequados ao acompanhamento de um projeto desde a conce\u00e7\u00e3o de base at\u00e9 ao fim do comissionamento (PAC) <\/span><\/h6><\/p>\n","protected":false},"excerpt":{"rendered":"Temos uma extensa rede de especialistas externos e multidisciplinares, adequados ao acompanhamento de um projeto desde a conce\u00e7\u00e3o de base at\u00e9 ao fim do comissionamento (PAC)","protected":false},"author":1,"featured_media":0,"parent":350,"menu_order":0,"comment_status":"closed","ping_status":"closed","template":"templates\/template-team.php","meta":{"footnotes":""},"class_list":["post-351","page","type-page","status-publish","hentry"],"_links":{"self":[{"href":"https:\/\/steerin.pt\/pt-pt\/wp-json\/wp\/v2\/pages\/351","targetHints":{"allow":["GET"]}}],"collection":[{"href":"https:\/\/steerin.pt\/pt-pt\/wp-json\/wp\/v2\/pages"}],"about":[{"href":"https:\/\/steerin.pt\/pt-pt\/wp-json\/wp\/v2\/types\/page"}],"author":[{"embeddable":true,"href":"https:\/\/steerin.pt\/pt-pt\/wp-json\/wp\/v2\/users\/1"}],"replies":[{"embeddable":true,"href":"https:\/\/steerin.pt\/pt-pt\/wp-json\/wp\/v2\/comments?post=351"}],"version-history":[{"count":10,"href":"https:\/\/steerin.pt\/pt-pt\/wp-json\/wp\/v2\/pages\/351\/revisions"}],"predecessor-version":[{"id":1073,"href":"https:\/\/steerin.pt\/pt-pt\/wp-json\/wp\/v2\/pages\/351\/revisions\/1073"}],"up":[{"embeddable":true,"href":"https:\/\/steerin.pt\/pt-pt\/wp-json\/wp\/v2\/pages\/350"}],"wp:attachment":[{"href":"https:\/\/steerin.pt\/pt-pt\/wp-json\/wp\/v2\/media?parent=351"}],"curies":[{"name":"wp","href":"https:\/\/api.w.org\/{rel}","templated":true}]}}