{"id":350,"date":"2015-01-21T12:08:57","date_gmt":"2015-01-21T12:08:57","guid":{"rendered":"http:\/\/steerin.pt\/our-team-2\/"},"modified":"2017-01-09T11:29:10","modified_gmt":"2017-01-09T11:29:10","slug":"our-team","status":"publish","type":"page","link":"https:\/\/steerin.pt\/pt-pt\/our-team\/","title":{"rendered":"A Nossa Equipa"},"content":{"rendered":"<p style=\"text-align: center;\"><h6 class=\"ut-title-divider \" ><span> A nossa equipa fornece solu\u00e7\u00f5es de engenharia criativas, inovadoras e \u00e0 medida de cada cliente. Solu\u00e7\u00f5es baseadas na nossa longa experi\u00eancia em desenvolvimento de projetos, bem sucedidos, de instala\u00e7\u00f5es de Energia e Ambiente, e ainda com base na coopera\u00e7\u00e3o de longo prazo com a nossa rede externa de especialistas e parceiros . <\/span><\/h6><\/p>\n","protected":false},"excerpt":{"rendered":"A nossa equipa fornece solu\u00e7\u00f5es de engenharia criativas, inovadoras e \u00e0 medida de cada cliente. Solu\u00e7\u00f5es baseadas na nossa longa experi\u00eancia em desenvolvimento de projetos, bem sucedidos, de instala\u00e7\u00f5es de Energia e Ambiente, e ainda com base na coopera\u00e7\u00e3o de longo prazo com a nossa rede externa de especialistas e parceiros .","protected":false},"author":1,"featured_media":0,"parent":0,"menu_order":0,"comment_status":"closed","ping_status":"open","template":"templates\/template-team.php","meta":{"footnotes":""},"class_list":["post-350","page","type-page","status-publish","hentry"],"_links":{"self":[{"href":"https:\/\/steerin.pt\/pt-pt\/wp-json\/wp\/v2\/pages\/350","targetHints":{"allow":["GET"]}}],"collection":[{"href":"https:\/\/steerin.pt\/pt-pt\/wp-json\/wp\/v2\/pages"}],"about":[{"href":"https:\/\/steerin.pt\/pt-pt\/wp-json\/wp\/v2\/types\/page"}],"author":[{"embeddable":true,"href":"https:\/\/steerin.pt\/pt-pt\/wp-json\/wp\/v2\/users\/1"}],"replies":[{"embeddable":true,"href":"https:\/\/steerin.pt\/pt-pt\/wp-json\/wp\/v2\/comments?post=350"}],"version-history":[{"count":3,"href":"https:\/\/steerin.pt\/pt-pt\/wp-json\/wp\/v2\/pages\/350\/revisions"}],"predecessor-version":[{"id":721,"href":"https:\/\/steerin.pt\/pt-pt\/wp-json\/wp\/v2\/pages\/350\/revisions\/721"}],"wp:attachment":[{"href":"https:\/\/steerin.pt\/pt-pt\/wp-json\/wp\/v2\/media?parent=350"}],"curies":[{"name":"wp","href":"https:\/\/api.w.org\/{rel}","templated":true}]}}