{"id":345,"date":"2015-01-26T16:51:52","date_gmt":"2015-01-26T16:51:52","guid":{"rendered":"http:\/\/steerin.pt\/library-2\/"},"modified":"2015-08-19T15:38:19","modified_gmt":"2015-08-19T15:38:19","slug":"library","status":"publish","type":"page","link":"https:\/\/steerin.pt\/pt-pt\/library\/","title":{"rendered":"Biblioteca"},"content":{"rendered":"<p>&nbsp;<\/p>\n<h6 class=\"ut-title-divider \" ><span> Aqui pode encontrar a nossa sele\u00e7\u00e3o de artigos, relat\u00f3rios e documentos relacionados com a nossa atividade. <\/span><\/h6>\n<h6 class=\"ut-title-divider \" ><span>\u00a0Here you can find our selection from articles, reports and documents related with our activity\u00a0<\/span><\/h6>\n<div data-effect=\"pulse\" data-animateonce=\"no\" class=\"ut-one-half libraryfirst ut-animate-element animated\"> <span style=\"color: #0000ff;\"><strong>The Whitebook: Waste &#8211; to &#8211; Energy in Austria\u00a0Prepared by UV&amp;P and published by lebensministerium.at<\/strong><\/span><\/p>\n<p><em>(PT)<\/em> <em> &#8211; Uma descri\u00e7\u00e3o detalhada sobre a gest\u00e3o de res\u00edduos na \u00c1ustria, com uma vis\u00e3o geral sobre as melhores pr\u00e1ticas e pol\u00edticas ambientais aplicadas \u00e0s Centrais de Valoriza\u00e7\u00e3o Energ\u00e9tica de Res\u00edduos<\/em><\/p>\n<p><em>(EN)<\/em>\u00a0<i> &#8211; A detailed description from the waste management sector in Austria, with an overview over Waste-to-Energy\u00a0best practices and environmental statements \u00a0<\/i><\/p>\n<\/div>\n<div data-effect=\"pulse\" data-animateonce=\"no\" class=\"ut-one-half ut-column-last librarylast ut-animate-element animated\">\n<p><span class=\"fa-stack ut-custom-icon fa-lg alignnone\"><a target=\"_parent\" href=\"https:\/\/steerin.pt\/wp-content\/uploads\/2015\/02\/Enviando-Whitebook_Waste-to-Energy-in-Austria_2010.pdf\"><i class=\"fa fa-square fa-stack-2x\" style=\"color:#dd9933\"><\/i><i class=\"fa fa-file-pdf-o fa-flip-horizontal fa-stack-1x\" style=\"color:#ffffff\"><\/i><\/a><\/span><\/p>\n<p>EN<\/p>\n<\/div><div class=\"clear\"><\/div>\n<hr \/>\n<div data-effect=\"pulse\" data-animateonce=\"no\" class=\"ut-one-half libraryfirst ut-animate-element animated\">\u00a0<span style=\"color: #0000ff;\"><strong>Seminar for FIEP (Federa\u00e7\u00e3o das\u00a0Ind\u00fastrias do Estado do Paran\u00e1)\u00a0Thoughts about the pro\u00b4s and con\u00b4s in\u00a0the field of waste management and\u00a0how to avoid mistakes<\/strong><\/span><\/p>\n<p><em>(PT) &#8211; Apresenta\u00e7\u00e3o sobre as melhores pr\u00e1ticas e t\u00e9cnicas dispon\u00edveis para sistemas integrados de gest\u00e3o de res\u00edduos<\/em><\/p>\n<p><em>(EN) &#8211; Presentation about best available practices and techniques for Integrated Waste Management Systems<\/em><\/p>\n<\/div>\n<div data-effect=\"pulse\" data-animateonce=\"no\" class=\"ut-one-half ut-column-last librarylast ut-animate-element animated\">\n<p><span class=\"fa-stack ut-custom-icon fa-lg alignnone\"><a target=\"_blank\" href=\"https:\/\/steerin.pt\/wp-content\/uploads\/2015\/01\/PPT8-Tecnologias.STEERIN.pdf\"><i class=\"fa fa-square fa-stack-2x\" style=\"color:#dd9933\"><\/i><i class=\"fa fa-file-pdf-o fa-flip-horizontal fa-stack-1x\" style=\"color:#ffffff\"><\/i><\/a><\/span><\/p>\n<p>PT<\/p>\n<\/div><div class=\"clear\"><\/div>\n<hr \/>\n","protected":false},"excerpt":{"rendered":"<p>&nbsp;<\/p>\n","protected":false},"author":1,"featured_media":0,"parent":0,"menu_order":0,"comment_status":"closed","ping_status":"open","template":"","meta":{"footnotes":""},"class_list":["post-345","page","type-page","status-publish","hentry"],"_links":{"self":[{"href":"https:\/\/steerin.pt\/pt-pt\/wp-json\/wp\/v2\/pages\/345","targetHints":{"allow":["GET"]}}],"collection":[{"href":"https:\/\/steerin.pt\/pt-pt\/wp-json\/wp\/v2\/pages"}],"about":[{"href":"https:\/\/steerin.pt\/pt-pt\/wp-json\/wp\/v2\/types\/page"}],"author":[{"embeddable":true,"href":"https:\/\/steerin.pt\/pt-pt\/wp-json\/wp\/v2\/users\/1"}],"replies":[{"embeddable":true,"href":"https:\/\/steerin.pt\/pt-pt\/wp-json\/wp\/v2\/comments?post=345"}],"version-history":[{"count":74,"href":"https:\/\/steerin.pt\/pt-pt\/wp-json\/wp\/v2\/pages\/345\/revisions"}],"predecessor-version":[{"id":700,"href":"https:\/\/steerin.pt\/pt-pt\/wp-json\/wp\/v2\/pages\/345\/revisions\/700"}],"wp:attachment":[{"href":"https:\/\/steerin.pt\/pt-pt\/wp-json\/wp\/v2\/media?parent=345"}],"curies":[{"name":"wp","href":"https:\/\/api.w.org\/{rel}","templated":true}]}}