{"id":344,"date":"2015-01-16T12:21:21","date_gmt":"2015-01-16T12:21:21","guid":{"rendered":"http:\/\/steerin.pt\/about-2\/"},"modified":"2015-11-26T10:53:18","modified_gmt":"2015-11-26T10:53:18","slug":"about","status":"publish","type":"page","link":"https:\/\/steerin.pt\/pt-pt\/about\/","title":{"rendered":"Sobre n\u00f3s"},"content":{"rendered":"<p style=\"text-align: justify;\">A nossa equipa fornece solu\u00e7\u00f5es inovadoras e criativas \u00e0 medida de cada cliente, com base na nossa longa experi\u00eancia\u00a0no desenvolvimento,\u00a0com sucesso, de projetos de instala\u00e7\u00f5es ambientais e de energia,\u00a0e na coopera\u00e7\u00e3o com uma vasta rede de parceiros externos e especialistas seniores.<\/p>\n<p>Em conjunto\u00a0com os nossos\u00a0parceiros, apresentamos capacidade de resposta aos mais diversos e complexos desafios do mercado de gest\u00e3o de res\u00edduos.<\/p>\n<p>&nbsp;<\/p>\n<p style=\"text-align: justify;\"><div class=\"wpb_content_element \"><style type=\"text\/css\" scoped><\/style><div id=\"ut_sc_69d284b308934\" data-effect=\"flipInX\" data-animateonce=\"no\" data-delay=\"200\" class=\" ut-one-third  ut-animate-element animated\" ><figure class=\"ut-service-icon fa-stack fa-lg \" style=\"line-height:60px;\"><i class=\"fa fa-circle fa-stack-2x\" style=\"color: #f1c40f\"><\/i><i style=\"color: #000000\" class=\"fa fa-code-fork fa-stack-1x\"><\/i><\/figure><div class=\"ut-service-column\" ><h3><strong>Rede de especialistas externos<\/strong><\/h3><p> Possu\u00edmos uma vasta rede de especialistas externos em instala\u00e7\u00f5es e projetos de gest\u00e3o de res\u00edduos.<\/p>\n<p style=\"text-align: justify;\"><a title=\"\" target=\"_self\" class=\"ut-btn btn_partners yellow small round\" href=\"\/pt-pt\/our-team\/\">A nossa Equipa <\/a> <a title=\"\" target=\"_self\" class=\"ut-btn btn_partners yellow small round\" href=\"\/pt-pt\/our-team\/parceiros-externos\/\">Parceiros STEERIN <\/a> <\/p><\/div><\/div><\/div>\n<p style=\"text-align: justify;\"><div class=\"wpb_content_element \"><style type=\"text\/css\" scoped><\/style><div id=\"ut_sc_69d284b308a7a\" data-effect=\"flipInY\" data-animateonce=\"no\" data-delay=\"200\" class=\" ut-one-third  ut-animate-element animated\" ><figure class=\"ut-service-icon fa-stack fa-lg \" style=\"line-height:60px;\"><i class=\"fa fa-circle fa-stack-2x\" style=\"color: #f1c40f\"><\/i><i style=\"color: #000000\" class=\"fa fa-trash-o fa-stack-1x\"><\/i><\/figure><div class=\"ut-service-column\" ><h3><strong>Gest\u00e3o de res\u00edduos<\/strong><\/h3><p> Longa experi\u00eancia em projetos de gest\u00e3o de res\u00edduos, com refer\u00eancias cred\u00edveis.<\/p>\n<p style=\"text-align: justify;\"><a title=\"\" target=\"_self\" class=\"ut-btn btn_partners yellow small round\" href=\"\/pt-pt\/references-2\">Refer\u00eancias<\/a> <\/p><\/div><\/div><\/div>\n<p style=\"text-align: justify;\"><div class=\"wpb_content_element \"><style type=\"text\/css\" scoped><\/style><div id=\"ut_sc_69d284b308aeb\" data-effect=\"flipInX\" data-animateonce=\"no\" data-delay=\"200\" class=\"ut-column-last ut-one-third  ut-animate-element animated\" ><figure class=\"ut-service-icon fa-stack fa-lg \" style=\"line-height:60px;\"><i class=\"fa fa-circle fa-stack-2x\" style=\"color: #f1c40f\"><\/i><i style=\"color: #000000\" class=\"fa fa-globe fa-stack-1x\"><\/i><\/figure><div class=\"ut-service-column\" ><h3><strong>Para Pa\u00edses em desenvolvimento<\/strong><\/h3><p> Plataforma de importa\u00e7\u00e3o de <i>know-how<\/i> e coopera\u00e7\u00e3o local para o desenvolvimento de projetos\u00a0em Sistemas de Gest\u00e3o Integrada de Res\u00edduos, recursos end\u00f3genos e energias convencionais. <\/p><\/div><\/div><\/div>\n<div class=\"ut-spacer \" style=\"margin-bottom: 22px;margin-top: 22px;\"><\/div>\n<p style=\"text-align: justify;\"><div class=\"wpb_content_element \"><style type=\"text\/css\" scoped><\/style><div id=\"ut_sc_69d284b308b2f\" data-effect=\"flipInY\" data-animateonce=\"no\" data-delay=\"200\" class=\" ut-one-third  ut-animate-element animated\" ><figure class=\"ut-service-icon fa-stack fa-lg \" style=\"line-height:60px;\"><i class=\"fa fa-circle fa-stack-2x\" style=\"color: #f1c40f\"><\/i><i style=\"color: #000000\" class=\"fa fa-trophy fa-stack-1x\"><\/i><\/figure><div class=\"ut-service-column\" ><h3><strong>Competitiva<\/strong><\/h3><p> Equipas multidisciplinares em\u00a0coopera\u00e7\u00e3o com especialistas locais (civil, instala\u00e7\u00f5es el\u00e9tricas e pol\u00edticas ambientais)\u00a0.\u00a0<\/p><\/div><\/div><\/div>\n<p style=\"text-align: justify;\"><div class=\"wpb_content_element \"><style type=\"text\/css\" scoped><\/style><div id=\"ut_sc_69d284b308b55\" data-effect=\"flipInX\" data-animateonce=\"no\" data-delay=\"200\" class=\" ut-one-third  ut-animate-element animated\" ><figure class=\"ut-service-icon fa-stack fa-lg \" style=\"line-height:60px;\"><i class=\"fa fa-circle fa-stack-2x\" style=\"color: #f1c40f\"><\/i><i style=\"color: #000000\" class=\"fa fa-retweet fa-stack-1x\"><\/i><\/figure><div class=\"ut-service-column\" ><h3><strong>Energias Renov\u00e1veis<\/strong><\/h3><p> Longa\u00a0experi\u00eancia na gest\u00e3o de projetos com tecnologias convencionais e de\u00a0I&amp;D.<\/p>\n<p style=\"text-align: justify;\"><a title=\"\" target=\"_self\" class=\"ut-btn btn_partners yellow small round\" href=\"\/pt-pt\/references-renewable-energies\">Refer\u00eancias<\/a> <\/p><\/div><\/div><\/div>\n<p style=\"text-align: justify;\"><div class=\"wpb_content_element \"><style type=\"text\/css\" scoped><\/style><div id=\"ut_sc_69d284b308bb2\" data-effect=\"flipInY\" data-animateonce=\"no\" data-delay=\"200\" class=\"ut-column-last ut-one-third  ut-animate-element animated\" ><figure class=\"ut-service-icon fa-stack fa-lg \" style=\"line-height:60px;\"><i class=\"fa fa-circle fa-stack-2x\" style=\"color: #f1c40f\"><\/i><i style=\"color: #000000\" class=\"fa fa-scissors fa-stack-1x\"><\/i><\/figure><div class=\"ut-service-column\" ><h3><strong>Solu\u00e7\u00f5es \u00e0 medida<\/strong><\/h3><p> Conce\u00e7\u00e3o dedicada \u00e0s necessidades do cliente e em estrito cumprimento\u00a0\u00a0das pol\u00edticas locais e das boas pr\u00e1ticas ambientais.\u00a0<\/p><\/div><\/div><\/div>\n<p>&nbsp;<\/p>\n<p>&nbsp;<\/p>\n","protected":false},"excerpt":{"rendered":"<p>A nossa equipa fornece solu\u00e7\u00f5es inovadoras e criativas \u00e0 medida de cada cliente, com base na nossa longa experi\u00eancia\u00a0no desenvolvimento,\u00a0com sucesso, de projetos de instala\u00e7\u00f5es ambientais e de energia,\u00a0e na coopera\u00e7\u00e3o com uma vasta rede de parceiros externos e especialistas seniores. Em conjunto\u00a0com os nossos\u00a0parceiros, apresentamos capacidade de resposta aos mais diversos e complexos desafios [&hellip;]<\/p>\n","protected":false},"author":1,"featured_media":0,"parent":0,"menu_order":0,"comment_status":"closed","ping_status":"open","template":"","meta":{"footnotes":""},"class_list":["post-344","page","type-page","status-publish","hentry"],"_links":{"self":[{"href":"https:\/\/steerin.pt\/pt-pt\/wp-json\/wp\/v2\/pages\/344","targetHints":{"allow":["GET"]}}],"collection":[{"href":"https:\/\/steerin.pt\/pt-pt\/wp-json\/wp\/v2\/pages"}],"about":[{"href":"https:\/\/steerin.pt\/pt-pt\/wp-json\/wp\/v2\/types\/page"}],"author":[{"embeddable":true,"href":"https:\/\/steerin.pt\/pt-pt\/wp-json\/wp\/v2\/users\/1"}],"replies":[{"embeddable":true,"href":"https:\/\/steerin.pt\/pt-pt\/wp-json\/wp\/v2\/comments?post=344"}],"version-history":[{"count":23,"href":"https:\/\/steerin.pt\/pt-pt\/wp-json\/wp\/v2\/pages\/344\/revisions"}],"predecessor-version":[{"id":882,"href":"https:\/\/steerin.pt\/pt-pt\/wp-json\/wp\/v2\/pages\/344\/revisions\/882"}],"wp:attachment":[{"href":"https:\/\/steerin.pt\/pt-pt\/wp-json\/wp\/v2\/media?parent=344"}],"curies":[{"name":"wp","href":"https:\/\/api.w.org\/{rel}","templated":true}]}}